{"id":12651,"date":"2021-04-15T21:17:58","date_gmt":"2021-04-15T19:17:58","guid":{"rendered":"https:\/\/www.mentorescale.be\/mentions-legales\/"},"modified":"2022-12-12T18:11:06","modified_gmt":"2022-12-12T17:11:06","slug":"juridische-kennisgeving","status":"publish","type":"page","link":"https:\/\/www.mentorescale.be\/nl\/juridische-kennisgeving\/","title":{"rendered":"Juridische kennisgeving"},"content":{"rendered":"\t\t<div data-elementor-type=\"wp-page\" data-elementor-id=\"12651\" class=\"elementor elementor-12651 elementor-6151\">\n\t\t\t\t\t\t\t\t\t<section class=\"elementor-section elementor-top-section elementor-element elementor-element-fca2b87 elementor-section-full_width elementor-section-height-min-height elementor-section-height-default elementor-section-items-middle\" data-id=\"fca2b87\" data-element_type=\"section\" data-settings=\"{&quot;background_background&quot;:&quot;classic&quot;,&quot;_ha_eqh_enable&quot;:false}\">\n\t\t\t\t\t\t\t<div class=\"elementor-background-overlay\"><\/div>\n\t\t\t\t\t\t\t<div class=\"elementor-container elementor-column-gap-default\">\n\t\t\t\t\t<div class=\"elementor-column elementor-col-100 elementor-top-column elementor-element elementor-element-1721001\" data-id=\"1721001\" data-element_type=\"column\">\n\t\t\t<div class=\"elementor-widget-wrap elementor-element-populated\">\n\t\t\t\t\t\t\t\t<div class=\"elementor-element elementor-element-44787b5 elementor-widget elementor-widget-heading\" data-id=\"44787b5\" data-element_type=\"widget\" data-settings=\"{&quot;_animation&quot;:&quot;none&quot;}\" data-widget_type=\"heading.default\">\n\t\t\t\t<div class=\"elementor-widget-container\">\n\t\t\t<h1 class=\"elementor-heading-title elementor-size-default\">Juridische kennisgeving<\/h1>\t\t<\/div>\n\t\t\t\t<\/div>\n\t\t\t\t\t<\/div>\n\t\t<\/div>\n\t\t\t\t\t\t\t<\/div>\n\t\t<\/section>\n\t\t\t\t<section class=\"elementor-section elementor-top-section elementor-element elementor-element-9665af8 elementor-section-boxed elementor-section-height-default elementor-section-height-default\" data-id=\"9665af8\" data-element_type=\"section\" data-settings=\"{&quot;_ha_eqh_enable&quot;:false}\">\n\t\t\t\t\t\t<div class=\"elementor-container elementor-column-gap-default\">\n\t\t\t\t\t<div class=\"elementor-column elementor-col-100 elementor-top-column elementor-element elementor-element-ae7906f\" data-id=\"ae7906f\" data-element_type=\"column\">\n\t\t\t<div class=\"elementor-widget-wrap elementor-element-populated\">\n\t\t\t\t\t\t\t\t<div class=\"elementor-element elementor-element-e718270 elementor-widget elementor-widget-heading\" data-id=\"e718270\" data-element_type=\"widget\" data-widget_type=\"heading.default\">\n\t\t\t\t<div class=\"elementor-widget-container\">\n\t\t\t<h2 class=\"elementor-heading-title elementor-size-default\">Identit\u00e9<\/h2>\t\t<\/div>\n\t\t\t\t<\/div>\n\t\t\t\t<div class=\"elementor-element elementor-element-d780bb9 elementor-widget elementor-widget-text-editor\" data-id=\"d780bb9\" data-element_type=\"widget\" data-widget_type=\"text-editor.default\">\n\t\t\t\t<div class=\"elementor-widget-container\">\n\t\t\t\t\t\t\t<p>Site internet de Mentor-Escale<\/p><p>Propri\u00e9taire du domaine : Mentor-Escale ASBL<\/p><p>Si\u00e8ge social : Rue Souveraine, 19, 1050 Bruxelles<\/p><p>T\u00e9l. : +32 2 505 32 32<\/p><p>Mail : info@mentorescale.be<\/p><p>N\u00b0 d\u2019entreprise : 0461.988.135<\/p><p>Responsable publication : Mentor-Escale ASBL<\/p><p>Directrice : Aur\u00e9lie Fieremans<\/p><p>Webmaster : Arnaud Paquet &amp; inDev agency<\/p>\t\t\t\t\t\t<\/div>\n\t\t\t\t<\/div>\n\t\t\t\t<div class=\"elementor-element elementor-element-b3add71 elementor-widget elementor-widget-heading\" data-id=\"b3add71\" data-element_type=\"widget\" data-widget_type=\"heading.default\">\n\t\t\t\t<div class=\"elementor-widget-container\">\n\t\t\t<h2 class=\"elementor-heading-title elementor-size-default\">Propri\u00e9t\u00e9 intellectuelle<\/h2>\t\t<\/div>\n\t\t\t\t<\/div>\n\t\t\t\t<div class=\"elementor-element elementor-element-5759e4c elementor-widget elementor-widget-text-editor\" data-id=\"5759e4c\" data-element_type=\"widget\" data-widget_type=\"text-editor.default\">\n\t\t\t\t<div class=\"elementor-widget-container\">\n\t\t\t\t\t\t\t<p>La consultation ou l\u2019utilisation du site mentorescale.be ne conf\u00e8re aucun droit sur ses contenus, et ceci quel qu\u2019en soit la nature, aux utilisateurs. Ces droits restent la propri\u00e9t\u00e9 exclusive de leurs auteurs respectifs.<\/p><p>De ce fait, toutes les donn\u00e9es et informations (textes, photos, vid\u00e9os, logos, etc.) pr\u00e9sentes sur ce site sont prot\u00e9g\u00e9es par les lois et dispositions en vigueur qui sont applicables aux mati\u00e8res touchant la propri\u00e9t\u00e9 intellectuelle.<\/p>\t\t\t\t\t\t<\/div>\n\t\t\t\t<\/div>\n\t\t\t\t<div class=\"elementor-element elementor-element-5ba341d elementor-widget elementor-widget-heading\" data-id=\"5ba341d\" data-element_type=\"widget\" data-widget_type=\"heading.default\">\n\t\t\t\t<div class=\"elementor-widget-container\">\n\t\t\t<h2 class=\"elementor-heading-title elementor-size-default\">Gestion des donn\u00e9es personnelles<\/h2>\t\t<\/div>\n\t\t\t\t<\/div>\n\t\t\t\t<div class=\"elementor-element elementor-element-d6432db elementor-widget elementor-widget-text-editor\" data-id=\"d6432db\" data-element_type=\"widget\" data-widget_type=\"text-editor.default\">\n\t\t\t\t<div class=\"elementor-widget-container\">\n\t\t\t\t\t\t\t<p>Les traitements de donn\u00e9es \u00e0 caract\u00e8re personnel relatifs \u00e0 ce site sont soumis au droit applicable en Belgique (Loi du 8 d\u00e9cembre 1992 relative \u00e0 la protection de la vie priv\u00e9e \u00e0 l\u2019 \u00e9gard des traitements de donn\u00e9es \u00e0 caract\u00e8re personnel, modifi\u00e9e par la loi du 11 d\u00e9cembre 1998 transposant la directive 95\/46\/CE du 24 octobre 1995 du Parlement europ\u00e9en et du Conseil relative \u00e0 la protection des personnes physiques \u00e0 l\u2019 \u00e9gard du traitement de donn\u00e9es \u00e0 caract\u00e8re personnel et \u00e0 la libre circulation de ces donn\u00e9es).<\/p><p>A l\u2019occasion de l\u2019utilisation du site mentorescale.be, certaines informations peuvent \u00eatre recueillies (par exemple, URL des liens par l\u2019interm\u00e9diaire desquels l\u2019utilisateur a acc\u00e9d\u00e9 au site, le fournisseur d\u2019acc\u00e8s de l\u2019utilisateur, des donn\u00e9es g\u00e9ographiques, etc.). Ces informations sont collect\u00e9es pour le besoin de certains services propos\u00e9s par le site et pour l\u2019optimisation de celui-ci.<\/p><p>Les informations recueillies, notamment les noms, pr\u00e9noms, adresses et num\u00e9ros de t\u00e9l\u00e9phone que vous nous communiquez, peuvent \u00eatre encod\u00e9es dans des bases de donn\u00e9es. L\u2019utilisateur fournit ces informations en toute connaissance de cause, notamment lorsqu\u2019il proc\u00e8de par lui-m\u00eame \u00e0 leur saisie. Ces donn\u00e9es pourront \u00eatre utilis\u00e9es et trait\u00e9es par Mentor-Escale \u00e0 des fins de gestion, de communication et de relations publiques sauf opposition \u00e9crite de votre part.<\/p>\t\t\t\t\t\t<\/div>\n\t\t\t\t<\/div>\n\t\t\t\t<div class=\"elementor-element elementor-element-9595323 elementor-widget elementor-widget-heading\" data-id=\"9595323\" data-element_type=\"widget\" data-widget_type=\"heading.default\">\n\t\t\t\t<div class=\"elementor-widget-container\">\n\t\t\t<h2 class=\"elementor-heading-title elementor-size-default\">Responsabilit\u00e9<\/h2>\t\t<\/div>\n\t\t\t\t<\/div>\n\t\t\t\t<div class=\"elementor-element elementor-element-11eb9ca elementor-widget elementor-widget-text-editor\" data-id=\"11eb9ca\" data-element_type=\"widget\" data-widget_type=\"text-editor.default\">\n\t\t\t\t<div class=\"elementor-widget-container\">\n\t\t\t\t\t\t\t<p>Toutes les informations indiqu\u00e9es sur le site sont donn\u00e9es \u00e0 titre indicatif et sont susceptibles d\u2019\u00e9voluer.\u00a0Mentor-Escale fait son possible pour mettre son site \u00e0 jour r\u00e9guli\u00e8rement. N\u00e9anmoins, l\u2019ASBL ne pourra \u00eatre tenue responsable des omissions, inexactitudes ou des manquements dans la mise \u00e0 jour.<\/p><p>Mentor-Escale ne saurait \u00eatre tenu pour responsable des cons\u00e9quences d\u2019un mauvais usage des contenus diffus\u00e9s sur le pr\u00e9sente site internet.<\/p><p>Sous r\u00e9serve des dispositions l\u00e9gales ou r\u00e9glementaires applicables, Mentor-Escale ne peut \u00eatre tenue responsable de tout dommage direct ou indirect pouvant intervenir du fait de l\u2019utilisation ou de l\u2019impossibilit\u00e9 d\u2019utilisation du site.<\/p><p>Les conditions d\u2019utilisation de ce site sont susceptibles d\u2019\u00eatre modifi\u00e9es ou compl\u00e9t\u00e9es \u00e0 tout moment sans pr\u00e9avis ni indemnit\u00e9s quelconques. Les utilisateurs du site sont donc invit\u00e9s \u00e0 les consulter r\u00e9guli\u00e8rement.<\/p><p>Le site mentorescale.be est soumis au droit belge et en cas de litige seuls les tribunaux de l\u2019arrondissement de Bruxelles seront comp\u00e9tents.<\/p>\t\t\t\t\t\t<\/div>\n\t\t\t\t<\/div>\n\t\t\t\t<div class=\"elementor-element elementor-element-d66f8ea elementor-widget elementor-widget-heading\" data-id=\"d66f8ea\" data-element_type=\"widget\" data-widget_type=\"heading.default\">\n\t\t\t\t<div class=\"elementor-widget-container\">\n\t\t\t<h2 class=\"elementor-heading-title elementor-size-default\">Plus d\u2019informations<\/h2>\t\t<\/div>\n\t\t\t\t<\/div>\n\t\t\t\t<div class=\"elementor-element elementor-element-5b7bbd3 elementor-widget elementor-widget-text-editor\" data-id=\"5b7bbd3\" data-element_type=\"widget\" data-widget_type=\"text-editor.default\">\n\t\t\t\t<div class=\"elementor-widget-container\">\n\t\t\t\t\t\t\t<p>Pour toute question, veuillez nous \u00e9crire \u00e0\u00a0<a href=\"mailto:info@mentorescale.be\">info@mentorescale.be<\/a>.<\/p>\t\t\t\t\t\t<\/div>\n\t\t\t\t<\/div>\n\t\t\t\t\t<\/div>\n\t\t<\/div>\n\t\t\t\t\t\t\t<\/div>\n\t\t<\/section>\n\t\t\t\t\t\t\t<\/div>\n\t\t","protected":false},"excerpt":{"rendered":"<p>Juridische kennisgeving Identit\u00e9 Site internet de Mentor-Escale Propri\u00e9taire du domaine : Mentor-Escale ASBL Si\u00e8ge social : Rue Souveraine, 19, 1050 Bruxelles T\u00e9l. : +32 2 505 32 32 Mail : info@mentorescale.be N\u00b0 d\u2019entreprise : 0461.988.135 Responsable publication : Mentor-Escale ASBL Directrice : Aur\u00e9lie Fieremans Webmaster : Arnaud Paquet &amp; inDev agency Propri\u00e9t\u00e9 intellectuelle La consultation [&hellip;]<\/p>\n","protected":false},"author":5,"featured_media":0,"parent":0,"menu_order":0,"comment_status":"closed","ping_status":"closed","template":"elementor_header_footer","meta":{"_mi_skip_tracking":false,"_monsterinsights_sitenote_active":false,"_monsterinsights_sitenote_note":"","_monsterinsights_sitenote_category":0,"footnotes":""},"yoast_head":"<!-- This site is optimized with the Yoast SEO plugin v21.4 - https:\/\/yoast.com\/wordpress\/plugins\/seo\/ -->\n<title>Juridische kennisgeving - Mentor-Escale<\/title>\n<meta name=\"robots\" content=\"index, follow, max-snippet:-1, max-image-preview:large, max-video-preview:-1\" \/>\n<link rel=\"canonical\" href=\"https:\/\/www.mentorescale.be\/mentions-legales\/\" \/>\n<meta property=\"og:locale\" content=\"nl_NL\" \/>\n<meta property=\"og:type\" content=\"article\" \/>\n<meta property=\"og:title\" content=\"Juridische kennisgeving - Mentor-Escale\" \/>\n<meta property=\"og:description\" content=\"Juridische kennisgeving Identit\u00e9 Site internet de Mentor-Escale Propri\u00e9taire du domaine : Mentor-Escale ASBL Si\u00e8ge social : Rue Souveraine, 19, 1050 Bruxelles T\u00e9l. : +32 2 505 32 32 Mail : info@mentorescale.be N\u00b0 d\u2019entreprise : 0461.988.135 Responsable publication : Mentor-Escale ASBL Directrice : Aur\u00e9lie Fieremans Webmaster : Arnaud Paquet &amp; inDev agency Propri\u00e9t\u00e9 intellectuelle La consultation [&hellip;]\" \/>\n<meta property=\"og:url\" content=\"https:\/\/www.mentorescale.be\/mentions-legales\/\" \/>\n<meta property=\"og:site_name\" content=\"Mentor-Escale\" \/>\n<meta property=\"article:publisher\" content=\"https:\/\/www.facebook.com\/mentorescaleASBL\/\" \/>\n<meta property=\"article:modified_time\" content=\"2022-12-12T17:11:06+00:00\" \/>\n<meta property=\"og:image\" content=\"https:\/\/www.mentorescale.be\/wp-content\/uploads\/2021\/03\/PICTO_OISEAU-carre.png\" \/>\n\t<meta property=\"og:image:width\" content=\"512\" \/>\n\t<meta property=\"og:image:height\" content=\"512\" \/>\n\t<meta property=\"og:image:type\" content=\"image\/png\" \/>\n<meta name=\"twitter:card\" content=\"summary_large_image\" \/>\n<meta name=\"twitter:label1\" content=\"Geschatte leestijd\" \/>\n\t<meta name=\"twitter:data1\" content=\"3 minuten\" \/>\n<script type=\"application\/ld+json\" class=\"yoast-schema-graph\">{\"@context\":\"https:\/\/schema.org\",\"@graph\":[{\"@type\":\"WebPage\",\"@id\":\"https:\/\/www.mentorescale.be\/mentions-legales\/\",\"url\":\"https:\/\/www.mentorescale.be\/mentions-legales\/\",\"name\":\"Juridische kennisgeving - Mentor-Escale\",\"isPartOf\":{\"@id\":\"https:\/\/www.mentorescale.be\/#website\"},\"datePublished\":\"2021-04-15T19:17:58+00:00\",\"dateModified\":\"2022-12-12T17:11:06+00:00\",\"breadcrumb\":{\"@id\":\"https:\/\/www.mentorescale.be\/mentions-legales\/#breadcrumb\"},\"inLanguage\":\"nl\",\"potentialAction\":[{\"@type\":\"ReadAction\",\"target\":[\"https:\/\/www.mentorescale.be\/mentions-legales\/\"]}]},{\"@type\":\"BreadcrumbList\",\"@id\":\"https:\/\/www.mentorescale.be\/mentions-legales\/#breadcrumb\",\"itemListElement\":[{\"@type\":\"ListItem\",\"position\":1,\"name\":\"Home\",\"item\":\"https:\/\/www.mentorescale.be\/\"},{\"@type\":\"ListItem\",\"position\":2,\"name\":\"Juridische kennisgeving\"}]},{\"@type\":\"WebSite\",\"@id\":\"https:\/\/www.mentorescale.be\/#website\",\"url\":\"https:\/\/www.mentorescale.be\/\",\"name\":\"Mentor-Escale\",\"description\":\"Accompagnement pour jeunes exil\u00e9s\",\"publisher\":{\"@id\":\"https:\/\/www.mentorescale.be\/#organization\"},\"potentialAction\":[{\"@type\":\"SearchAction\",\"target\":{\"@type\":\"EntryPoint\",\"urlTemplate\":\"https:\/\/www.mentorescale.be\/?s={search_term_string}\"},\"query-input\":\"required name=search_term_string\"}],\"inLanguage\":\"nl\"},{\"@type\":\"Organization\",\"@id\":\"https:\/\/www.mentorescale.be\/#organization\",\"name\":\"Mentor-Escale\",\"url\":\"https:\/\/www.mentorescale.be\/\",\"logo\":{\"@type\":\"ImageObject\",\"inLanguage\":\"nl\",\"@id\":\"https:\/\/www.mentorescale.be\/#\/schema\/logo\/image\/\",\"url\":\"https:\/\/www.mentorescale.be\/wp-content\/uploads\/2021\/03\/PICTO_OISEAU-carre.png\",\"contentUrl\":\"https:\/\/www.mentorescale.be\/wp-content\/uploads\/2021\/03\/PICTO_OISEAU-carre.png\",\"width\":512,\"height\":512,\"caption\":\"Mentor-Escale\"},\"image\":{\"@id\":\"https:\/\/www.mentorescale.be\/#\/schema\/logo\/image\/\"},\"sameAs\":[\"https:\/\/www.facebook.com\/mentorescaleASBL\/\",\"https:\/\/www.instagram.com\/mentor_escale\/?hl=fr\",\"https:\/\/be.linkedin.com\/company\/mentor---escale\",\"https:\/\/www.youtube.com\/channel\/UCnw8NLnwqoNoSrkWv3b1Psw\/videos\"]}]}<\/script>\n<!-- \/ Yoast SEO plugin. -->","yoast_head_json":{"title":"Juridische kennisgeving - Mentor-Escale","robots":{"index":"index","follow":"follow","max-snippet":"max-snippet:-1","max-image-preview":"max-image-preview:large","max-video-preview":"max-video-preview:-1"},"canonical":"https:\/\/www.mentorescale.be\/mentions-legales\/","og_locale":"nl_NL","og_type":"article","og_title":"Juridische kennisgeving - Mentor-Escale","og_description":"Juridische kennisgeving Identit\u00e9 Site internet de Mentor-Escale Propri\u00e9taire du domaine : Mentor-Escale ASBL Si\u00e8ge social : Rue Souveraine, 19, 1050 Bruxelles T\u00e9l. : +32 2 505 32 32 Mail : info@mentorescale.be N\u00b0 d\u2019entreprise : 0461.988.135 Responsable publication : Mentor-Escale ASBL Directrice : Aur\u00e9lie Fieremans Webmaster : Arnaud Paquet &amp; inDev agency Propri\u00e9t\u00e9 intellectuelle La consultation [&hellip;]","og_url":"https:\/\/www.mentorescale.be\/mentions-legales\/","og_site_name":"Mentor-Escale","article_publisher":"https:\/\/www.facebook.com\/mentorescaleASBL\/","article_modified_time":"2022-12-12T17:11:06+00:00","og_image":[{"width":512,"height":512,"url":"https:\/\/www.mentorescale.be\/wp-content\/uploads\/2021\/03\/PICTO_OISEAU-carre.png","type":"image\/png"}],"twitter_card":"summary_large_image","twitter_misc":{"Geschatte leestijd":"3 minuten"},"schema":{"@context":"https:\/\/schema.org","@graph":[{"@type":"WebPage","@id":"https:\/\/www.mentorescale.be\/mentions-legales\/","url":"https:\/\/www.mentorescale.be\/mentions-legales\/","name":"Juridische kennisgeving - Mentor-Escale","isPartOf":{"@id":"https:\/\/www.mentorescale.be\/#website"},"datePublished":"2021-04-15T19:17:58+00:00","dateModified":"2022-12-12T17:11:06+00:00","breadcrumb":{"@id":"https:\/\/www.mentorescale.be\/mentions-legales\/#breadcrumb"},"inLanguage":"nl","potentialAction":[{"@type":"ReadAction","target":["https:\/\/www.mentorescale.be\/mentions-legales\/"]}]},{"@type":"BreadcrumbList","@id":"https:\/\/www.mentorescale.be\/mentions-legales\/#breadcrumb","itemListElement":[{"@type":"ListItem","position":1,"name":"Home","item":"https:\/\/www.mentorescale.be\/"},{"@type":"ListItem","position":2,"name":"Juridische kennisgeving"}]},{"@type":"WebSite","@id":"https:\/\/www.mentorescale.be\/#website","url":"https:\/\/www.mentorescale.be\/","name":"Mentor-Escale","description":"Accompagnement pour jeunes exil\u00e9s","publisher":{"@id":"https:\/\/www.mentorescale.be\/#organization"},"potentialAction":[{"@type":"SearchAction","target":{"@type":"EntryPoint","urlTemplate":"https:\/\/www.mentorescale.be\/?s={search_term_string}"},"query-input":"required name=search_term_string"}],"inLanguage":"nl"},{"@type":"Organization","@id":"https:\/\/www.mentorescale.be\/#organization","name":"Mentor-Escale","url":"https:\/\/www.mentorescale.be\/","logo":{"@type":"ImageObject","inLanguage":"nl","@id":"https:\/\/www.mentorescale.be\/#\/schema\/logo\/image\/","url":"https:\/\/www.mentorescale.be\/wp-content\/uploads\/2021\/03\/PICTO_OISEAU-carre.png","contentUrl":"https:\/\/www.mentorescale.be\/wp-content\/uploads\/2021\/03\/PICTO_OISEAU-carre.png","width":512,"height":512,"caption":"Mentor-Escale"},"image":{"@id":"https:\/\/www.mentorescale.be\/#\/schema\/logo\/image\/"},"sameAs":["https:\/\/www.facebook.com\/mentorescaleASBL\/","https:\/\/www.instagram.com\/mentor_escale\/?hl=fr","https:\/\/be.linkedin.com\/company\/mentor---escale","https:\/\/www.youtube.com\/channel\/UCnw8NLnwqoNoSrkWv3b1Psw\/videos"]}]}},"_links":{"self":[{"href":"https:\/\/www.mentorescale.be\/nl\/wp-json\/wp\/v2\/pages\/12651"}],"collection":[{"href":"https:\/\/www.mentorescale.be\/nl\/wp-json\/wp\/v2\/pages"}],"about":[{"href":"https:\/\/www.mentorescale.be\/nl\/wp-json\/wp\/v2\/types\/page"}],"author":[{"embeddable":true,"href":"https:\/\/www.mentorescale.be\/nl\/wp-json\/wp\/v2\/users\/5"}],"replies":[{"embeddable":true,"href":"https:\/\/www.mentorescale.be\/nl\/wp-json\/wp\/v2\/comments?post=12651"}],"version-history":[{"count":3,"href":"https:\/\/www.mentorescale.be\/nl\/wp-json\/wp\/v2\/pages\/12651\/revisions"}],"predecessor-version":[{"id":14712,"href":"https:\/\/www.mentorescale.be\/nl\/wp-json\/wp\/v2\/pages\/12651\/revisions\/14712"}],"wp:attachment":[{"href":"https:\/\/www.mentorescale.be\/nl\/wp-json\/wp\/v2\/media?parent=12651"}],"curies":[{"name":"wp","href":"https:\/\/api.w.org\/{rel}","templated":true}]}}