{"id":12654,"date":"2021-04-15T20:57:23","date_gmt":"2021-04-15T18:57:23","guid":{"rendered":"https:\/\/www.mentorescale.be\/news\/"},"modified":"2025-09-03T16:52:49","modified_gmt":"2025-09-03T14:52:49","slug":"suivre-news","status":"publish","type":"page","link":"https:\/\/www.mentorescale.be\/nl\/suivre-news\/","title":{"rendered":"Ons news"},"content":{"rendered":"<h1>Ons news<\/h1>\n<p>\t\t\t<a href=\"https:\/\/www.mentorescale.be\/nl\/suivre-news\/\"><br \/>\n\t\t\t\t\t\tAlles<br \/>\n\t\t\t\t\t<\/a><br \/>\n\t\t\t<a href=\"https:\/\/www.mentorescale.be\/nl\/suivre-news\/agenda\/\"><br \/>\n\t\t\t\t\t\tAgenda<br \/>\n\t\t\t\t\t<\/a><br \/>\n\t\t\t<a href=\"https:\/\/www.mentorescale.be\/nl\/suivre-news\/nieuws\/\"><br \/>\n\t\t\t\t\t\tNieuws<br \/>\n\t\t\t\t\t<\/a><br \/>\n\t\t\t<a href=\"https:\/\/www.mentorescale.be\/nl\/suivre-news\/getuigenissen\/\"><br \/>\n\t\t\t\t\t\tGetuigenissen<br \/>\n\t\t\t\t\t<\/a><\/p>\n<p>Volg het laatste news over Mentor-Escale!<\/p>\n<p>\t\t\t\t\t<img loading=\"lazy\"\n\t\t\t\talt=\"Spectacle 2024 &#8211; Au bord de l&#8217;eau\"\n\t\t\t\tsrc=\"https:\/\/www.mentorescale.be\/wp-content\/uploads\/2024\/09\/spectacle_2024-768x276.png\" \/><br \/>\n\t\t\t\t\tAgenda<br \/>\n\t\t\t\tSpectacle 2024 &#8211; Au bord de l&#8217;eau<br \/>\n\t\t\t\t\tPosted on<time datetime=\"2024-09-05T20:47:34+02:00\"><\/time><br \/>\n\t\t<a href=\"https:\/\/www.mentorescale.be\/event2024\/\" aria-hidden=\"true\" ><\/a><br \/>\n\t\t\t\t\t<img loading=\"lazy\"\n\t\t\t\talt=\"On parle de Mentor-Escale dans un Podcast de La Premi\u00e8re\"\n\t\t\t\tsrc=\"https:\/\/www.mentorescale.be\/wp-content\/uploads\/2023\/05\/me-rtbf-21-3-2023-768x432.jpg\" \/><br \/>\n\t\t\t\t\tActualit\u00e9s<br \/>\n\t\t\t\tOn parle de Mentor-Escale dans un Podcast de La Premi\u00e8re<br \/>\n\t\t\t\t\tPosted on<time datetime=\"2023-05-09T00:03:17+02:00\"><\/time><br \/>\n\t\t<a href=\"https:\/\/www.mentorescale.be\/on-parle-de-mentor-escale-dans-un-podcast-de-la-premiere\/\" aria-hidden=\"true\" ><\/a><br \/>\n\t\t\t\t\t<img loading=\"lazy\"\n\t\t\t\talt=\"&#8220;Sans Mentor-Escale la vie en Belgique serait tr\u00e8s dure, je ne sais pas comment je ferais sans eux.&#8221;\"\n\t\t\t\tsrc=\"https:\/\/www.mentorescale.be\/wp-content\/uploads\/2023\/01\/29052022-DSCF8487-scaled-e1672930350655-768x390.jpg\" \/><br \/>\n\t\t\t\t\tT\u00e9moignages<br \/>\n\t\t\t\t&#8220;Sans Mentor-Escale la vie en Belgique serait tr\u00e8s dure, je ne sais pas comment je ferais sans eux.&#8221;<br \/>\n\t\t\t\t\tPosted on<time datetime=\"2023-01-05T15:46:21+01:00\"><\/time><br \/>\n\t\t<a href=\"https:\/\/www.mentorescale.be\/temoignage-sans-mentor-escale\/\" aria-hidden=\"true\" ><\/a><br \/>\n\t\t\t\t\t<img loading=\"lazy\"\n\t\t\t\talt=\"&#8220;Techno Runs&#8221; soutient Mentor-Escale !\"\n\t\t\t\tsrc=\"https:\/\/www.mentorescale.be\/wp-content\/uploads\/2022\/12\/DSC_0110-1-scaled-e1671038373965-768x405.jpg\" \/><br \/>\n\t\t\t\t\tActualit\u00e9s<br \/>\n\t\t\t\t&#8220;Techno Runs&#8221; soutient Mentor-Escale !<br \/>\n\t\t\t\t\tPosted on<time datetime=\"2022-12-14T18:17:46+01:00\"><\/time><br \/>\n\t\t<a href=\"https:\/\/www.mentorescale.be\/techno-runs-soutien-mentor-escale\/\" aria-hidden=\"true\" ><\/a><br \/>\n\t\t\t\t\t<img loading=\"lazy\"\n\t\t\t\talt=\"Spectacle 2022 &#8211; Je m\u00e8ne une vie sc\u00e8ne\"\n\t\t\t\tsrc=\"https:\/\/www.mentorescale.be\/wp-content\/uploads\/2021\/07\/Mentor-Escale-squared-1024x1024-1-768x768.png\" \/><br \/>\n\t\t\t\t\tAgenda<br \/>\n\t\t\t\tSpectacle 2022 &#8211; Je m\u00e8ne une vie sc\u00e8ne<br \/>\n\t\t\t\t\tPosted on<time datetime=\"2022-07-06T15:44:44+02:00\"><\/time><br \/>\n\t\t<a href=\"https:\/\/www.mentorescale.be\/spectacle-2022-je-mene-une-vie-scene\/\" aria-hidden=\"true\" ><\/a><br \/>\n\t\t\t\t\t<img loading=\"lazy\"\n\t\t\t\talt=\"On a besoin de vous !\"\n\t\t\t\tsrc=\"https:\/\/www.mentorescale.be\/wp-content\/uploads\/2022\/04\/Bleu-Classique-Photocentrique-Public-et-Societal-Avantage-Facebook-Collecte-de-fonds-Couverture-Photo-768x284.png\" \/><br \/>\n\t\t\t\t\tAgenda<br \/>\n\t\t\t\tOn a besoin de vous !<br \/>\n\t\t\t\t\tPosted on<time datetime=\"2022-04-20T15:22:52+02:00\"><\/time><br \/>\n\t\t<a href=\"https:\/\/www.mentorescale.be\/crowdfunding-offrez-des-camps-eco-citoyens-a-nos-jeunes-mena\/\" aria-hidden=\"true\" ><\/a><br \/>\n\t\t\t\t\t<img loading=\"lazy\"\n\t\t\t\talt=\"Les 20km de BXL avec Mentor-Escale et Gratte !\"\n\t\t\t\tsrc=\"https:\/\/www.mentorescale.be\/wp-content\/uploads\/2022\/03\/20-km-de-BRUXELLES-768x433.png\" \/><br \/>\n\t\t\t\t\tAgenda<br \/>\n\t\t\t\tLes 20km de BXL avec Mentor-Escale et Gratte !<br \/>\n\t\t\t\t\tPosted on<time datetime=\"2022-03-16T14:00:11+01:00\"><\/time><br \/>\n\t\t<a href=\"https:\/\/www.mentorescale.be\/20km\/\" aria-hidden=\"true\" ><\/a><br \/>\n\t\t\t\t\t<img loading=\"lazy\"\n\t\t\t\talt=\"Un vent de renouveau sur nos ASBL\"\n\t\t\t\tsrc=\"https:\/\/www.mentorescale.be\/wp-content\/uploads\/2021\/05\/Sans-titre-768x543.png\" \/><br \/>\n\t\t\t\t\tActualit\u00e9s<br \/>\n\t\t\t\tUn vent de renouveau sur nos ASBL<br \/>\n\t\t\t\t\tPosted on<time datetime=\"2021-05-09T08:36:05+02:00\"><\/time><br \/>\n\t\t<a href=\"https:\/\/www.mentorescale.be\/un-vent-de-renouveau-sur-nos-asbl\/\" aria-hidden=\"true\" ><\/a><br \/>\n\t\t\t\t\t<img loading=\"lazy\"\n\t\t\t\talt=\"Spectacle 2020 &#8211; Scapin 68\"\n\t\t\t\tsrc=\"https:\/\/www.mentorescale.be\/wp-content\/uploads\/2019\/06\/Banner-Scapin-768x365.jpeg\" \/><br \/>\n\t\t\t\t\tAgenda<br \/>\n\t\t\t\tSpectacle 2020 &#8211; Scapin 68<br \/>\n\t\t\t\t\tPosted on<time datetime=\"2020-02-12T23:09:00+01:00\"><\/time><br \/>\n\t\t<a href=\"https:\/\/www.mentorescale.be\/spectacle-2020-scapin-68\/\" aria-hidden=\"true\" ><\/a><br \/>\n\t\t\t\t\t<img loading=\"lazy\"\n\t\t\t\talt=\"La Convention internationale des droits de l&#8217;enfant a 30 ans\"\n\t\t\t\tsrc=\"https:\/\/www.mentorescale.be\/wp-content\/uploads\/2021\/04\/CIDE-30-ans-768x431.jpg\" \/><br \/>\n\t\t\t\t\tActualit\u00e9s<br \/>\n\t\t\t\tLa Convention internationale des droits de l&#8217;enfant a 30 ans<br \/>\n\t\t\t\t\tPosted on<time datetime=\"2019-11-20T22:38:00+01:00\"><\/time><br \/>\n\t\t<a href=\"https:\/\/www.mentorescale.be\/la-convention-internationale-des-droits-de-lenfant-a-30-ans\/\" aria-hidden=\"true\" ><\/a><br \/>\n\t\t\t\t\t<img loading=\"lazy\"\n\t\t\t\talt=\"Mentor-Escale &#8211; Qui sont ces jeunes\"\n\t\t\t\tsrc=\"https:\/\/www.mentorescale.be\/wp-content\/uploads\/2021\/04\/Mentor-Escale-Qui-sont-ces-jeunes-768x410.png\" \/><br \/>\n\t\t\t\t\tPresse<br \/>\n\t\t\t\tMentor-Escale &#8211; Qui sont ces jeunes<br \/>\n\t\t\t\t\tPosted on<time datetime=\"2019-09-30T23:28:00+02:00\"><\/time><br \/>\n\t\t<a href=\"https:\/\/www.mentorescale.be\/mentor-escale-qui-sont-ces-jeunes\/\" aria-hidden=\"true\" ><\/a><br \/>\n\t\t\t\t\t<img loading=\"lazy\"\n\t\t\t\talt=\"&#8220;Mon assistante sociale m\u2019a beaucoup aid\u00e9&#8221;\"\n\t\t\t\tsrc=\"https:\/\/www.mentorescale.be\/wp-content\/uploads\/2019\/05\/DSC00122_petit-768x512.jpg\" \/><br \/>\n\t\t\t\t\tT\u00e9moignages<br \/>\n\t\t\t\t&#8220;Mon assistante sociale m\u2019a beaucoup aid\u00e9&#8221;<br \/>\n\t\t\t\t\tPosted on<time datetime=\"2019-05-23T16:04:32+02:00\"><\/time><br \/>\n\t\t<a href=\"https:\/\/www.mentorescale.be\/temoignage-omeed\/\" aria-hidden=\"true\" ><\/a><br \/>\n\t\t\t\t\t<img loading=\"lazy\"\n\t\t\t\talt=\"Spectacle 2019 &#8211; Amor\"\n\t\t\t\tsrc=\"https:\/\/www.mentorescale.be\/wp-content\/uploads\/2018\/11\/Image_Amor2-1-768x431.jpg\" \/><br \/>\n\t\t\t\t\tAgenda<br \/>\n\t\t\t\tSpectacle 2019 &#8211; Amor<br \/>\n\t\t\t\t\tPosted on<time datetime=\"2019-03-12T08:41:00+01:00\"><\/time><br \/>\n\t\t<a href=\"https:\/\/www.mentorescale.be\/spectacle-2019-amor\/\" aria-hidden=\"true\" ><\/a><br \/>\n\t\t\t\t\t<img loading=\"lazy\"\n\t\t\t\talt=\"Spectacle 2018 &#8211; Kennedy\"\n\t\t\t\tsrc=\"https:\/\/www.mentorescale.be\/wp-content\/uploads\/2018\/01\/Mentor-Escale_2018_recto-page-001-768x366.jpg\" \/><br \/>\n\t\t\t\t\tAgenda<br \/>\n\t\t\t\tSpectacle 2018 &#8211; Kennedy<br \/>\n\t\t\t\t\tPosted on<time datetime=\"2018-03-26T10:54:00+02:00\"><\/time><br \/>\n\t\t<a href=\"https:\/\/www.mentorescale.be\/spectacle-2018-kennedy\/\" aria-hidden=\"true\" ><\/a><br \/>\n\t\t\t\t\t<img loading=\"lazy\"\n\t\t\t\talt=\"&#8220;Mentor-Escale, c\u2019est une famille pour beaucoup&#8221;\"\n\t\t\t\tsrc=\"https:\/\/www.mentorescale.be\/wp-content\/uploads\/2016\/12\/Temoignage-Familles-pour-beaucoup-768x576.jpg\" \/><br \/>\n\t\t\t\t\tT\u00e9moignages<br \/>\n\t\t\t\t&#8220;Mentor-Escale, c\u2019est une famille pour beaucoup&#8221;<br \/>\n\t\t\t\t\tPosted on<time datetime=\"2016-12-08T13:11:18+01:00\"><\/time><br \/>\n\t\t<a href=\"https:\/\/www.mentorescale.be\/temoignage-sonia\/\" aria-hidden=\"true\" ><\/a><br \/>\n\t\t\t\t\t<img loading=\"lazy\"\n\t\t\t\talt=\"&#8220;La Syrie est devenue un pays tr\u00e8s dangereux \u00e0 cause de la guerre&#8221;\"\n\t\t\t\tsrc=\"https:\/\/www.mentorescale.be\/wp-content\/uploads\/2016\/12\/Temoignage-La-Syrie-est-devenue-768x511.jpg\" \/><br \/>\n\t\t\t\t\tT\u00e9moignages<br \/>\n\t\t\t\t&#8220;La Syrie est devenue un pays tr\u00e8s dangereux \u00e0 cause de la guerre&#8221;<br \/>\n\t\t\t\t\tPosted on<time datetime=\"2016-12-06T09:38:31+01:00\"><\/time><br \/>\n\t\t<a href=\"https:\/\/www.mentorescale.be\/temoignage-zykra\/\" aria-hidden=\"true\" ><\/a><br \/>\n\t\t\t\t\t<img loading=\"lazy\"\n\t\t\t\talt=\"&#8220;Aujourd\u2019hui j\u2019ai 17 ans, je suis en 4e m\u00e9canique et je travaille sur le c\u00f4t\u00e9&#8221;\"\n\t\t\t\tsrc=\"https:\/\/www.mentorescale.be\/wp-content\/uploads\/2017\/03\/exil-chemin-e1618928622256-768x768.jpg\" \/><br \/>\n\t\t\t\t\tT\u00e9moignages<br \/>\n\t\t\t\t&#8220;Aujourd\u2019hui j\u2019ai 17 ans, je suis en 4e m\u00e9canique et je travaille sur le c\u00f4t\u00e9&#8221;<br \/>\n\t\t\t\t\tPosted on<time datetime=\"2016-12-04T09:36:33+01:00\"><\/time><br \/>\n\t\t<a href=\"https:\/\/www.mentorescale.be\/temoignage-asif\/\" aria-hidden=\"true\" ><\/a><br \/>\n\t\t\t\t\t<img loading=\"lazy\"\n\t\t\t\talt=\"&#8220;Nous avons trouv\u00e9 un logement de transit&#8221;\"\n\t\t\t\tsrc=\"https:\/\/www.mentorescale.be\/wp-content\/uploads\/2017\/05\/photo-jeune-slideshow-768x499.jpg\" \/><br \/>\n\t\t\t\t\tT\u00e9moignages<br \/>\n\t\t\t\t&#8220;Nous avons trouv\u00e9 un logement de transit&#8221;<br \/>\n\t\t\t\t\tPosted on<time datetime=\"2016-11-08T09:29:42+01:00\"><\/time><br \/>\n\t\t<a href=\"https:\/\/www.mentorescale.be\/temoignage-asman\/\" aria-hidden=\"true\" ><\/a><br \/>\n\t\t\t\t\t<img loading=\"lazy\"\n\t\t\t\talt=\"&#8220;Je peux discuter de choses tr\u00e8s personnelles&#8221;\"\n\t\t\t\tsrc=\"https:\/\/www.mentorescale.be\/wp-content\/uploads\/2017\/05\/jeunes-768x512.jpg\" \/><br \/>\n\t\t\t\t\tT\u00e9moignages<br \/>\n\t\t\t\t&#8220;Je peux discuter de choses tr\u00e8s personnelles&#8221;<br \/>\n\t\t\t\t\tPosted on<time datetime=\"2014-05-07T09:30:33+02:00\"><\/time><br \/>\n\t\t<a href=\"https:\/\/www.mentorescale.be\/temoignage-nahom\/\" aria-hidden=\"true\" ><\/a><br \/>\n\t\t\t\t\t<img loading=\"lazy\"\n\t\t\t\talt=\"&#8220;Quand je me sens mal, je vais \u00e0 Mentor-Escale&#8221;\"\n\t\t\t\tsrc=\"https:\/\/www.mentorescale.be\/wp-content\/uploads\/2014\/05\/Chadia.jpg\" \/><br \/>\n\t\t\t\t\tT\u00e9moignages<br \/>\n\t\t\t\t&#8220;Quand je me sens mal, je vais \u00e0 Mentor-Escale&#8221;<br \/>\n\t\t\t\t\tPosted on<time datetime=\"2014-05-06T09:31:29+02:00\"><\/time><br \/>\n\t\t<a href=\"https:\/\/www.mentorescale.be\/temoignage-chadia\/\" aria-hidden=\"true\" ><\/a><br \/>\n\t\t\t\t\t<img loading=\"lazy\"\n\t\t\t\talt=\"&#8220;Je viens \u00e0 Mentor-Escale pour rencontrer quelqu\u2019un de confiance qui peut m\u2019orienter pour mon avenir&#8221;\"\n\t\t\t\tsrc=\"https:\/\/www.mentorescale.be\/wp-content\/uploads\/2016\/12\/HomeSlider-768x410.jpg\" \/><br \/>\n\t\t\t\t\tT\u00e9moignages<br \/>\n\t\t\t\t&#8220;Je viens \u00e0 Mentor-Escale pour rencontrer quelqu\u2019un de confiance qui peut m\u2019orienter pour mon avenir&#8221;<br \/>\n\t\t\t\t\tPosted on<time datetime=\"2014-05-05T09:34:27+02:00\"><\/time><br \/>\n\t\t<a href=\"https:\/\/www.mentorescale.be\/temoignage-mawa\/\" aria-hidden=\"true\" ><\/a><\/p>\n","protected":false},"excerpt":{"rendered":"<p>Ons news Alles Agenda Nieuws Getuigenissen Volg het laatste news over Mentor-Escale! Agenda Spectacle 2024 &#8211; Au bord de l&#8217;eau Posted on Actualit\u00e9s On parle de Mentor-Escale dans un Podcast de La Premi\u00e8re Posted on T\u00e9moignages &#8220;Sans Mentor-Escale la vie en Belgique serait tr\u00e8s dure, je ne sais pas comment je ferais sans eux.&#8221; Posted [&hellip;]<\/p>\n","protected":false},"author":5,"featured_media":0,"parent":0,"menu_order":0,"comment_status":"closed","ping_status":"closed","template":"elementor_header_footer","meta":{"_mi_skip_tracking":false,"_monsterinsights_sitenote_active":false,"_monsterinsights_sitenote_note":"","_monsterinsights_sitenote_category":0,"footnotes":""},"yoast_head":"<!-- This site is optimized with the Yoast SEO plugin v21.4 - https:\/\/yoast.com\/wordpress\/plugins\/seo\/ -->\n<title>Volg het laatste news over Mentor-Escale !<\/title>\n<meta name=\"description\" content=\"Volg het laatste nieuws van Mentor-Escale. Blijf op de hoogte van activiteiten die jouw deelname vereisen!\" \/>\n<meta name=\"robots\" content=\"index, follow, max-snippet:-1, max-image-preview:large, max-video-preview:-1\" \/>\n<link rel=\"canonical\" href=\"https:\/\/www.mentorescale.be\/suivre-news\/\" \/>\n<meta property=\"og:locale\" content=\"nl_NL\" \/>\n<meta property=\"og:type\" content=\"article\" \/>\n<meta property=\"og:title\" content=\"Volg het laatste news over Mentor-Escale !\" \/>\n<meta property=\"og:description\" content=\"Volg het laatste nieuws van Mentor-Escale. Blijf op de hoogte van activiteiten die jouw deelname vereisen!\" \/>\n<meta property=\"og:url\" content=\"https:\/\/www.mentorescale.be\/suivre-news\/\" \/>\n<meta property=\"og:site_name\" content=\"Mentor-Escale\" \/>\n<meta property=\"article:publisher\" content=\"https:\/\/www.facebook.com\/mentorescaleASBL\/\" \/>\n<meta property=\"article:modified_time\" content=\"2025-09-03T14:52:49+00:00\" \/>\n<meta property=\"og:image\" content=\"https:\/\/www.mentorescale.be\/wp-content\/uploads\/2024\/09\/spectacle_2024-768x276.png\" \/>\n<meta name=\"twitter:card\" content=\"summary_large_image\" \/>\n<meta name=\"twitter:label1\" content=\"Geschatte leestijd\" \/>\n\t<meta name=\"twitter:data1\" content=\"3 minuten\" \/>\n<script type=\"application\/ld+json\" class=\"yoast-schema-graph\">{\"@context\":\"https:\/\/schema.org\",\"@graph\":[{\"@type\":\"WebPage\",\"@id\":\"https:\/\/www.mentorescale.be\/suivre-news\/\",\"url\":\"https:\/\/www.mentorescale.be\/suivre-news\/\",\"name\":\"Volg het laatste news over Mentor-Escale !\",\"isPartOf\":{\"@id\":\"https:\/\/www.mentorescale.be\/#website\"},\"datePublished\":\"2021-04-15T18:57:23+00:00\",\"dateModified\":\"2025-09-03T14:52:49+00:00\",\"description\":\"Volg het laatste nieuws van Mentor-Escale. Blijf op de hoogte van activiteiten die jouw deelname vereisen!\",\"breadcrumb\":{\"@id\":\"https:\/\/www.mentorescale.be\/suivre-news\/#breadcrumb\"},\"inLanguage\":\"nl\",\"potentialAction\":[{\"@type\":\"ReadAction\",\"target\":[\"https:\/\/www.mentorescale.be\/suivre-news\/\"]}]},{\"@type\":\"BreadcrumbList\",\"@id\":\"https:\/\/www.mentorescale.be\/suivre-news\/#breadcrumb\",\"itemListElement\":[{\"@type\":\"ListItem\",\"position\":1,\"name\":\"Home\",\"item\":\"https:\/\/www.mentorescale.be\/\"},{\"@type\":\"ListItem\",\"position\":2,\"name\":\"Ons news\"}]},{\"@type\":\"WebSite\",\"@id\":\"https:\/\/www.mentorescale.be\/#website\",\"url\":\"https:\/\/www.mentorescale.be\/\",\"name\":\"Mentor-Escale\",\"description\":\"Accompagnement pour jeunes exil\u00e9s\",\"publisher\":{\"@id\":\"https:\/\/www.mentorescale.be\/#organization\"},\"potentialAction\":[{\"@type\":\"SearchAction\",\"target\":{\"@type\":\"EntryPoint\",\"urlTemplate\":\"https:\/\/www.mentorescale.be\/?s={search_term_string}\"},\"query-input\":\"required name=search_term_string\"}],\"inLanguage\":\"nl\"},{\"@type\":\"Organization\",\"@id\":\"https:\/\/www.mentorescale.be\/#organization\",\"name\":\"Mentor-Escale\",\"url\":\"https:\/\/www.mentorescale.be\/\",\"logo\":{\"@type\":\"ImageObject\",\"inLanguage\":\"nl\",\"@id\":\"https:\/\/www.mentorescale.be\/#\/schema\/logo\/image\/\",\"url\":\"https:\/\/www.mentorescale.be\/wp-content\/uploads\/2021\/03\/PICTO_OISEAU-carre.png\",\"contentUrl\":\"https:\/\/www.mentorescale.be\/wp-content\/uploads\/2021\/03\/PICTO_OISEAU-carre.png\",\"width\":512,\"height\":512,\"caption\":\"Mentor-Escale\"},\"image\":{\"@id\":\"https:\/\/www.mentorescale.be\/#\/schema\/logo\/image\/\"},\"sameAs\":[\"https:\/\/www.facebook.com\/mentorescaleASBL\/\",\"https:\/\/www.instagram.com\/mentor_escale\/?hl=fr\",\"https:\/\/be.linkedin.com\/company\/mentor---escale\",\"https:\/\/www.youtube.com\/channel\/UCnw8NLnwqoNoSrkWv3b1Psw\/videos\"]}]}<\/script>\n<!-- \/ Yoast SEO plugin. -->","yoast_head_json":{"title":"Volg het laatste news over Mentor-Escale !","description":"Volg het laatste nieuws van Mentor-Escale. Blijf op de hoogte van activiteiten die jouw deelname vereisen!","robots":{"index":"index","follow":"follow","max-snippet":"max-snippet:-1","max-image-preview":"max-image-preview:large","max-video-preview":"max-video-preview:-1"},"canonical":"https:\/\/www.mentorescale.be\/suivre-news\/","og_locale":"nl_NL","og_type":"article","og_title":"Volg het laatste news over Mentor-Escale !","og_description":"Volg het laatste nieuws van Mentor-Escale. Blijf op de hoogte van activiteiten die jouw deelname vereisen!","og_url":"https:\/\/www.mentorescale.be\/suivre-news\/","og_site_name":"Mentor-Escale","article_publisher":"https:\/\/www.facebook.com\/mentorescaleASBL\/","article_modified_time":"2025-09-03T14:52:49+00:00","og_image":[{"url":"https:\/\/www.mentorescale.be\/wp-content\/uploads\/2024\/09\/spectacle_2024-768x276.png"}],"twitter_card":"summary_large_image","twitter_misc":{"Geschatte leestijd":"3 minuten"},"schema":{"@context":"https:\/\/schema.org","@graph":[{"@type":"WebPage","@id":"https:\/\/www.mentorescale.be\/suivre-news\/","url":"https:\/\/www.mentorescale.be\/suivre-news\/","name":"Volg het laatste news over Mentor-Escale !","isPartOf":{"@id":"https:\/\/www.mentorescale.be\/#website"},"datePublished":"2021-04-15T18:57:23+00:00","dateModified":"2025-09-03T14:52:49+00:00","description":"Volg het laatste nieuws van Mentor-Escale. Blijf op de hoogte van activiteiten die jouw deelname vereisen!","breadcrumb":{"@id":"https:\/\/www.mentorescale.be\/suivre-news\/#breadcrumb"},"inLanguage":"nl","potentialAction":[{"@type":"ReadAction","target":["https:\/\/www.mentorescale.be\/suivre-news\/"]}]},{"@type":"BreadcrumbList","@id":"https:\/\/www.mentorescale.be\/suivre-news\/#breadcrumb","itemListElement":[{"@type":"ListItem","position":1,"name":"Home","item":"https:\/\/www.mentorescale.be\/"},{"@type":"ListItem","position":2,"name":"Ons news"}]},{"@type":"WebSite","@id":"https:\/\/www.mentorescale.be\/#website","url":"https:\/\/www.mentorescale.be\/","name":"Mentor-Escale","description":"Accompagnement pour jeunes exil\u00e9s","publisher":{"@id":"https:\/\/www.mentorescale.be\/#organization"},"potentialAction":[{"@type":"SearchAction","target":{"@type":"EntryPoint","urlTemplate":"https:\/\/www.mentorescale.be\/?s={search_term_string}"},"query-input":"required name=search_term_string"}],"inLanguage":"nl"},{"@type":"Organization","@id":"https:\/\/www.mentorescale.be\/#organization","name":"Mentor-Escale","url":"https:\/\/www.mentorescale.be\/","logo":{"@type":"ImageObject","inLanguage":"nl","@id":"https:\/\/www.mentorescale.be\/#\/schema\/logo\/image\/","url":"https:\/\/www.mentorescale.be\/wp-content\/uploads\/2021\/03\/PICTO_OISEAU-carre.png","contentUrl":"https:\/\/www.mentorescale.be\/wp-content\/uploads\/2021\/03\/PICTO_OISEAU-carre.png","width":512,"height":512,"caption":"Mentor-Escale"},"image":{"@id":"https:\/\/www.mentorescale.be\/#\/schema\/logo\/image\/"},"sameAs":["https:\/\/www.facebook.com\/mentorescaleASBL\/","https:\/\/www.instagram.com\/mentor_escale\/?hl=fr","https:\/\/be.linkedin.com\/company\/mentor---escale","https:\/\/www.youtube.com\/channel\/UCnw8NLnwqoNoSrkWv3b1Psw\/videos"]}]}},"_links":{"self":[{"href":"https:\/\/www.mentorescale.be\/nl\/wp-json\/wp\/v2\/pages\/12654"}],"collection":[{"href":"https:\/\/www.mentorescale.be\/nl\/wp-json\/wp\/v2\/pages"}],"about":[{"href":"https:\/\/www.mentorescale.be\/nl\/wp-json\/wp\/v2\/types\/page"}],"author":[{"embeddable":true,"href":"https:\/\/www.mentorescale.be\/nl\/wp-json\/wp\/v2\/users\/5"}],"replies":[{"embeddable":true,"href":"https:\/\/www.mentorescale.be\/nl\/wp-json\/wp\/v2\/comments?post=12654"}],"version-history":[{"count":4,"href":"https:\/\/www.mentorescale.be\/nl\/wp-json\/wp\/v2\/pages\/12654\/revisions"}],"predecessor-version":[{"id":16097,"href":"https:\/\/www.mentorescale.be\/nl\/wp-json\/wp\/v2\/pages\/12654\/revisions\/16097"}],"wp:attachment":[{"href":"https:\/\/www.mentorescale.be\/nl\/wp-json\/wp\/v2\/media?parent=12654"}],"curies":[{"name":"wp","href":"https:\/\/api.w.org\/{rel}","templated":true}]}}