{"id":12657,"date":"2021-04-21T21:45:50","date_gmt":"2021-04-21T19:45:50","guid":{"rendered":"https:\/\/www.mentorescale.be\/news\/actualites\/"},"modified":"2024-10-30T11:47:36","modified_gmt":"2024-10-30T10:47:36","slug":"nieuws","status":"publish","type":"page","link":"https:\/\/www.mentorescale.be\/nl\/suivre-news\/nieuws\/","title":{"rendered":"Ons nieuws"},"content":{"rendered":"\t\t<div data-elementor-type=\"wp-page\" data-elementor-id=\"12657\" class=\"elementor elementor-12657 elementor-8240\">\n\t\t\t\t\t\t\t\t\t<section class=\"elementor-section elementor-top-section elementor-element elementor-element-fcd3089 elementor-section-full_width elementor-section-height-min-height elementor-section-height-default elementor-section-items-middle\" data-id=\"fcd3089\" data-element_type=\"section\" data-settings=\"{&quot;background_background&quot;:&quot;classic&quot;,&quot;_ha_eqh_enable&quot;:false}\">\n\t\t\t\t\t\t\t<div class=\"elementor-background-overlay\"><\/div>\n\t\t\t\t\t\t\t<div class=\"elementor-container elementor-column-gap-default\">\n\t\t\t\t\t<div class=\"elementor-column elementor-col-100 elementor-top-column elementor-element elementor-element-70aade5\" data-id=\"70aade5\" data-element_type=\"column\">\n\t\t\t<div class=\"elementor-widget-wrap elementor-element-populated\">\n\t\t\t\t\t\t\t\t<div class=\"elementor-element elementor-element-a1cd6c5 elementor-widget elementor-widget-heading\" data-id=\"a1cd6c5\" data-element_type=\"widget\" data-settings=\"{&quot;_animation&quot;:&quot;none&quot;}\" data-widget_type=\"heading.default\">\n\t\t\t\t<div class=\"elementor-widget-container\">\n\t\t\t<h1 class=\"elementor-heading-title elementor-size-default\">Ons news<\/h1>\t\t<\/div>\n\t\t\t\t<\/div>\n\t\t\t\t\t<\/div>\n\t\t<\/div>\n\t\t\t\t\t\t\t<\/div>\n\t\t<\/section>\n\t\t\t\t<section class=\"elementor-section elementor-top-section elementor-element elementor-element-7b7155d elementor-section-boxed elementor-section-height-default elementor-section-height-default\" data-id=\"7b7155d\" data-element_type=\"section\" data-settings=\"{&quot;_ha_eqh_enable&quot;:false}\">\n\t\t\t\t\t\t<div class=\"elementor-container elementor-column-gap-default\">\n\t\t\t\t\t<div class=\"elementor-column elementor-col-25 elementor-top-column elementor-element elementor-element-66cef30\" data-id=\"66cef30\" data-element_type=\"column\">\n\t\t\t<div class=\"elementor-widget-wrap elementor-element-populated\">\n\t\t\t\t\t\t\t\t<div class=\"elementor-element elementor-element-1c0ca48 elementor-align-center elementor-widget elementor-widget-button\" data-id=\"1c0ca48\" data-element_type=\"widget\" data-widget_type=\"button.default\">\n\t\t\t\t<div class=\"elementor-widget-container\">\n\t\t\t\t\t<div class=\"elementor-button-wrapper\">\n\t\t\t<a class=\"elementor-button elementor-button-link elementor-size-sm\" href=\"https:\/\/www.mentorescale.be\/nl\/suivre-news\/\">\n\t\t\t\t\t\t<span class=\"elementor-button-content-wrapper\">\n\t\t\t\t\t\t<span class=\"elementor-button-text\">Alles<\/span>\n\t\t<\/span>\n\t\t\t\t\t<\/a>\n\t\t<\/div>\n\t\t\t\t<\/div>\n\t\t\t\t<\/div>\n\t\t\t\t\t<\/div>\n\t\t<\/div>\n\t\t\t\t<div class=\"elementor-column elementor-col-25 elementor-top-column elementor-element elementor-element-f630e20\" data-id=\"f630e20\" data-element_type=\"column\">\n\t\t\t<div class=\"elementor-widget-wrap elementor-element-populated\">\n\t\t\t\t\t\t\t\t<div class=\"elementor-element elementor-element-204f4b6 elementor-align-center elementor-widget elementor-widget-button\" data-id=\"204f4b6\" data-element_type=\"widget\" data-widget_type=\"button.default\">\n\t\t\t\t<div class=\"elementor-widget-container\">\n\t\t\t\t\t<div class=\"elementor-button-wrapper\">\n\t\t\t<a class=\"elementor-button elementor-button-link elementor-size-sm\" href=\"https:\/\/www.mentorescale.be\/nl\/suivre-news\/agenda\/\">\n\t\t\t\t\t\t<span class=\"elementor-button-content-wrapper\">\n\t\t\t\t\t\t<span class=\"elementor-button-text\">Agenda<\/span>\n\t\t<\/span>\n\t\t\t\t\t<\/a>\n\t\t<\/div>\n\t\t\t\t<\/div>\n\t\t\t\t<\/div>\n\t\t\t\t\t<\/div>\n\t\t<\/div>\n\t\t\t\t<div class=\"elementor-column elementor-col-25 elementor-top-column elementor-element elementor-element-0c8f479\" data-id=\"0c8f479\" data-element_type=\"column\">\n\t\t\t<div class=\"elementor-widget-wrap elementor-element-populated\">\n\t\t\t\t\t\t\t\t<div class=\"elementor-element elementor-element-0a70125 elementor-align-center elementor-widget elementor-widget-button\" data-id=\"0a70125\" data-element_type=\"widget\" data-widget_type=\"button.default\">\n\t\t\t\t<div class=\"elementor-widget-container\">\n\t\t\t\t\t<div class=\"elementor-button-wrapper\">\n\t\t\t<a class=\"elementor-button elementor-button-link elementor-size-sm\" href=\"https:\/\/www.mentorescale.be\/nl\/?page_id=12657\">\n\t\t\t\t\t\t<span class=\"elementor-button-content-wrapper\">\n\t\t\t\t\t\t<span class=\"elementor-button-text\">Nieuws<\/span>\n\t\t<\/span>\n\t\t\t\t\t<\/a>\n\t\t<\/div>\n\t\t\t\t<\/div>\n\t\t\t\t<\/div>\n\t\t\t\t\t<\/div>\n\t\t<\/div>\n\t\t\t\t<div class=\"elementor-column elementor-col-25 elementor-top-column elementor-element elementor-element-a3601a9\" data-id=\"a3601a9\" data-element_type=\"column\">\n\t\t\t<div class=\"elementor-widget-wrap elementor-element-populated\">\n\t\t\t\t\t\t\t\t<div class=\"elementor-element elementor-element-8aa8425 elementor-align-center elementor-widget elementor-widget-button\" data-id=\"8aa8425\" data-element_type=\"widget\" data-widget_type=\"button.default\">\n\t\t\t\t<div class=\"elementor-widget-container\">\n\t\t\t\t\t<div class=\"elementor-button-wrapper\">\n\t\t\t<a class=\"elementor-button elementor-button-link elementor-size-sm\" href=\"https:\/\/www.mentorescale.be\/nl\/suivre-news\/getuigenissen\/\">\n\t\t\t\t\t\t<span class=\"elementor-button-content-wrapper\">\n\t\t\t\t\t\t<span class=\"elementor-button-text\">Getuigenissen<\/span>\n\t\t<\/span>\n\t\t\t\t\t<\/a>\n\t\t<\/div>\n\t\t\t\t<\/div>\n\t\t\t\t<\/div>\n\t\t\t\t\t<\/div>\n\t\t<\/div>\n\t\t\t\t\t\t\t<\/div>\n\t\t<\/section>\n\t\t\t\t<section class=\"elementor-section elementor-top-section elementor-element elementor-element-14b0972 elementor-section-boxed elementor-section-height-default elementor-section-height-default\" data-id=\"14b0972\" data-element_type=\"section\" data-settings=\"{&quot;_ha_eqh_enable&quot;:false}\">\n\t\t\t\t\t\t<div class=\"elementor-container elementor-column-gap-default\">\n\t\t\t\t\t<div class=\"elementor-column elementor-col-100 elementor-top-column elementor-element elementor-element-8f998a9\" data-id=\"8f998a9\" data-element_type=\"column\">\n\t\t\t<div class=\"elementor-widget-wrap elementor-element-populated\">\n\t\t\t\t\t\t\t\t<div class=\"elementor-element elementor-element-5fbcc18 anwp-pg-widget-header-style--b anwp-pg-post-teaser__post-icon--size-16 elementor-widget elementor-widget-anwp-pg-simple-grid\" data-id=\"5fbcc18\" data-element_type=\"widget\" data-widget_type=\"anwp-pg-simple-grid.default\">\n\t\t\t\t<div class=\"elementor-widget-container\">\n\t\t\t<div class=\"anwp-pg-wrap\">\n\n\t\n\t<div class=\"d-flex anwp-row flex-wrap anwp-pg-simple-grid anwp-pg-posts-wrapper anwp-pg-simple-grid__gutter-thick \">\n\t\t<div class=\"anwp-pg-post-teaser anwp-pg-post-teaser--layout-a anwp-col-lg-4 anwp-col-sm-6 anwp-col-12\">\n\t<div class=\"anwp-pg-post-teaser__thumbnail position-relative\">\n\n\t\t\n\t\t\t\t\t<img loading=\"lazy\" class=\"anwp-pg-post-teaser__thumbnail-img d-block anwp-pg-height-180 anwp-object-cover m-0 w-100\"\n\t\t\t\talt=\"&#8220;Techno Runs&#8221; ondersteunt Mentor-Escale !\"\n\t\t\t\tsrc=\"https:\/\/www.mentorescale.be\/wp-content\/uploads\/2022\/12\/DSC_0110-1-scaled-e1671038373965-768x405.jpg\" \/>\n\t\t\n\t\t<div class=\"anwp-pg-post-teaser__muted_bg\"><\/div>\n\t\t<div class=\"anwp-pg-post-teaser__thumbnail-bg anwp-position-cover\"><\/div>\n\n\t\t<div class=\"anwp-pg-post-teaser__content d-flex flex-column anwp-position-cover\">\n\t\t\t<div class=\"anwp-pg-post-teaser__top-meta d-flex mb-2\">\n\t\t\t\t\t\t\t<\/div>\n\n\t\t\t\t\t\t\t<div class=\"d-flex flex-column anwp-pg-post-teaser__category-column ml-auto\">\n\t\t\t\t\t<div class=\"anwp-pg-category__wrapper-filled px-2 d-flex align-items-center anwp-pg-post-teaser__category-wrapper align-self-end anwp-pg-category-parent-0\" style=\"background-color: #1565C0\"><span>Nieuws<\/span><\/div>\t\t\t\t<\/div>\n\t\t\t\n\t\t\t<div class=\"anwp-pg-post-teaser__title anwp-font-heading mt-auto mb-1\">\n\t\t\t\t&#8220;Techno Runs&#8221; ondersteunt Mentor-Escale !\t\t\t<\/div>\n\n\t\t\t\t\t\t\t<div class=\"anwp-pg-post-teaser__bottom-meta mt-1 position-relative mb-2\">\n\t\t\t\t\t<span class=\"posted-on m-0\"><span class=\"screen-reader-text\">Posted on<\/span><time class=\"anwp-pg-published\" datetime=\"2022-12-14T18:17:46+01:00\"><\/time><time class=\"anwp-pg-updated\" datetime=\"2022-12-14T18:28:43+01:00\"><\/time><\/span>\n\t\t\t\t<\/div>\n\t\t\t\t\t<\/div>\n\n\t\t<a class=\"anwp-position-cover anwp-link-without-effects\" href=\"https:\/\/www.mentorescale.be\/nl\/techno-runs-soutien-mentor-escale\/\" aria-hidden=\"true\" ><\/a>\n\t<\/div>\n<\/div>\n<div class=\"anwp-pg-post-teaser anwp-pg-post-teaser--layout-a anwp-col-lg-4 anwp-col-sm-6 anwp-col-12\">\n\t<div class=\"anwp-pg-post-teaser__thumbnail position-relative\">\n\n\t\t\n\t\t\t\t\t<img loading=\"lazy\" class=\"anwp-pg-post-teaser__thumbnail-img d-block anwp-pg-height-180 anwp-object-cover m-0 w-100\"\n\t\t\t\talt=\"Een nieuwe wind waait in de vernieuwing van onze vzw\u2019s\"\n\t\t\t\tsrc=\"https:\/\/www.mentorescale.be\/wp-content\/uploads\/2021\/05\/Sans-titre-768x543.png\" \/>\n\t\t\n\t\t<div class=\"anwp-pg-post-teaser__muted_bg\"><\/div>\n\t\t<div class=\"anwp-pg-post-teaser__thumbnail-bg anwp-position-cover\"><\/div>\n\n\t\t<div class=\"anwp-pg-post-teaser__content d-flex flex-column anwp-position-cover\">\n\t\t\t<div class=\"anwp-pg-post-teaser__top-meta d-flex mb-2\">\n\t\t\t\t\t\t\t<\/div>\n\n\t\t\t\t\t\t\t<div class=\"d-flex flex-column anwp-pg-post-teaser__category-column ml-auto\">\n\t\t\t\t\t<div class=\"anwp-pg-category__wrapper-filled px-2 d-flex align-items-center anwp-pg-post-teaser__category-wrapper align-self-end anwp-pg-category-parent-0\" style=\"background-color: #1565C0\"><span>Nieuws<\/span><\/div>\t\t\t\t<\/div>\n\t\t\t\n\t\t\t<div class=\"anwp-pg-post-teaser__title anwp-font-heading mt-auto mb-1\">\n\t\t\t\tEen nieuwe wind waait in de vernieuwing van onze vzw\u2019s\t\t\t<\/div>\n\n\t\t\t\t\t\t\t<div class=\"anwp-pg-post-teaser__bottom-meta mt-1 position-relative mb-2\">\n\t\t\t\t\t<span class=\"posted-on m-0\"><span class=\"screen-reader-text\">Posted on<\/span><time class=\"anwp-pg-published\" datetime=\"2021-05-09T08:36:00+02:00\"><\/time><time class=\"anwp-pg-updated\" datetime=\"2024-10-30T13:48:52+01:00\"><\/time><\/span>\n\t\t\t\t<\/div>\n\t\t\t\t\t<\/div>\n\n\t\t<a class=\"anwp-position-cover anwp-link-without-effects\" href=\"https:\/\/www.mentorescale.be\/nl\/een-nieuwe-wind-waait-in-de-vernieuwing-van-onze-vzws\/\" aria-hidden=\"true\" ><\/a>\n\t<\/div>\n<\/div>\n<div class=\"anwp-pg-post-teaser anwp-pg-post-teaser--layout-a anwp-col-lg-4 anwp-col-sm-6 anwp-col-12\">\n\t<div class=\"anwp-pg-post-teaser__thumbnail position-relative\">\n\n\t\t\n\t\t\t\t\t<img loading=\"lazy\" class=\"anwp-pg-post-teaser__thumbnail-img d-block anwp-pg-height-180 anwp-object-cover m-0 w-100\"\n\t\t\t\talt=\"Het Internationaal Verdrag inzake de Rechten van het Kind wordt 30\"\n\t\t\t\tsrc=\"https:\/\/www.mentorescale.be\/wp-content\/uploads\/2021\/04\/CIDE-30-ans-768x431.jpg\" \/>\n\t\t\n\t\t<div class=\"anwp-pg-post-teaser__muted_bg\"><\/div>\n\t\t<div class=\"anwp-pg-post-teaser__thumbnail-bg anwp-position-cover\"><\/div>\n\n\t\t<div class=\"anwp-pg-post-teaser__content d-flex flex-column anwp-position-cover\">\n\t\t\t<div class=\"anwp-pg-post-teaser__top-meta d-flex mb-2\">\n\t\t\t\t\t\t\t<\/div>\n\n\t\t\t\t\t\t\t<div class=\"d-flex flex-column anwp-pg-post-teaser__category-column ml-auto\">\n\t\t\t\t\t<div class=\"anwp-pg-category__wrapper-filled px-2 d-flex align-items-center anwp-pg-post-teaser__category-wrapper align-self-end anwp-pg-category-parent-0\" style=\"background-color: #1565C0\"><span>Nieuws<\/span><\/div>\t\t\t\t<\/div>\n\t\t\t\n\t\t\t<div class=\"anwp-pg-post-teaser__title anwp-font-heading mt-auto mb-1\">\n\t\t\t\tHet Internationaal Verdrag inzake de Rechten van het Kind wordt 30\t\t\t<\/div>\n\n\t\t\t\t\t\t\t<div class=\"anwp-pg-post-teaser__bottom-meta mt-1 position-relative mb-2\">\n\t\t\t\t\t<span class=\"posted-on m-0\"><span class=\"screen-reader-text\">Posted on<\/span><time class=\"anwp-pg-published\" datetime=\"2019-11-20T16:54:00+01:00\"><\/time><time class=\"anwp-pg-updated\" datetime=\"2024-10-30T13:51:58+01:00\"><\/time><\/span>\n\t\t\t\t<\/div>\n\t\t\t\t\t<\/div>\n\n\t\t<a class=\"anwp-position-cover anwp-link-without-effects\" href=\"https:\/\/www.mentorescale.be\/nl\/het-internationaal-verdrag-inzake-de-rechten-van-het-kind-wordt-30\/\" aria-hidden=\"true\" ><\/a>\n\t<\/div>\n<\/div>\n\t<\/div>\n\t\n\t<\/div>\n\t\t<\/div>\n\t\t\t\t<\/div>\n\t\t\t\t\t<\/div>\n\t\t<\/div>\n\t\t\t\t\t\t\t<\/div>\n\t\t<\/section>\n\t\t\t\t<section class=\"elementor-section elementor-top-section elementor-element elementor-element-8122fd2 elementor-section-boxed elementor-section-height-default elementor-section-height-default\" data-id=\"8122fd2\" data-element_type=\"section\" data-settings=\"{&quot;_ha_eqh_enable&quot;:false}\">\n\t\t\t\t\t\t<div class=\"elementor-container elementor-column-gap-default\">\n\t\t\t\t\t<div class=\"elementor-column elementor-col-100 elementor-top-column elementor-element elementor-element-095675d\" data-id=\"095675d\" data-element_type=\"column\">\n\t\t\t<div class=\"elementor-widget-wrap elementor-element-populated\">\n\t\t\t\t\t\t\t\t<div class=\"elementor-element elementor-element-28a3034 elementor-widget elementor-widget-spacer\" data-id=\"28a3034\" data-element_type=\"widget\" data-widget_type=\"spacer.default\">\n\t\t\t\t<div class=\"elementor-widget-container\">\n\t\t\t\t\t<div class=\"elementor-spacer\">\n\t\t\t<div class=\"elementor-spacer-inner\"><\/div>\n\t\t<\/div>\n\t\t\t\t<\/div>\n\t\t\t\t<\/div>\n\t\t\t\t\t<\/div>\n\t\t<\/div>\n\t\t\t\t\t\t\t<\/div>\n\t\t<\/section>\n\t\t\t\t\t\t\t<\/div>\n\t\t","protected":false},"excerpt":{"rendered":"<p>Ons news Alles Agenda Nieuws Getuigenissen Actualit\u00e9s On parle de Mentor-Escale dans un Podcast de La Premi\u00e8re Posted on Actualit\u00e9s &#8220;Techno Runs&#8221; soutient Mentor-Escale ! Posted on Actualit\u00e9s Un vent de renouveau sur nos ASBL Posted on Actualit\u00e9s La Convention internationale des droits de l&#8217;enfant a 30 ans Posted on<\/p>\n","protected":false},"author":5,"featured_media":0,"parent":12654,"menu_order":4,"comment_status":"closed","ping_status":"closed","template":"elementor_header_footer","meta":{"_mi_skip_tracking":false,"_monsterinsights_sitenote_active":false,"_monsterinsights_sitenote_note":"","_monsterinsights_sitenote_category":0,"footnotes":""},"yoast_head":"<!-- This site is optimized with the Yoast SEO plugin v21.4 - https:\/\/yoast.com\/wordpress\/plugins\/seo\/ -->\n<title>Ons nieuws - Mentor-Escale<\/title>\n<meta name=\"robots\" content=\"index, follow, max-snippet:-1, max-image-preview:large, max-video-preview:-1\" \/>\n<link rel=\"canonical\" href=\"https:\/\/www.mentorescale.be\/suivre-news\/actualites\/\" \/>\n<meta property=\"og:locale\" content=\"nl_NL\" \/>\n<meta property=\"og:type\" content=\"article\" \/>\n<meta property=\"og:title\" content=\"Ons nieuws - Mentor-Escale\" \/>\n<meta property=\"og:description\" content=\"Ons news Alles Agenda Nieuws Getuigenissen Actualit\u00e9s On parle de Mentor-Escale dans un Podcast de La Premi\u00e8re Posted on Actualit\u00e9s &#8220;Techno Runs&#8221; soutient Mentor-Escale ! Posted on Actualit\u00e9s Un vent de renouveau sur nos ASBL Posted on Actualit\u00e9s La Convention internationale des droits de l&#8217;enfant a 30 ans Posted on\" \/>\n<meta property=\"og:url\" content=\"https:\/\/www.mentorescale.be\/suivre-news\/actualites\/\" \/>\n<meta property=\"og:site_name\" content=\"Mentor-Escale\" \/>\n<meta property=\"article:publisher\" content=\"https:\/\/www.facebook.com\/mentorescaleASBL\/\" \/>\n<meta property=\"article:modified_time\" content=\"2024-10-30T10:47:36+00:00\" \/>\n<meta property=\"og:image\" content=\"https:\/\/www.mentorescale.be\/wp-content\/uploads\/2023\/05\/me-rtbf-21-3-2023-768x432.jpg\" \/>\n<meta name=\"twitter:card\" content=\"summary_large_image\" \/>\n<meta name=\"twitter:label1\" content=\"Geschatte leestijd\" \/>\n\t<meta name=\"twitter:data1\" content=\"1 minuut\" \/>\n<script type=\"application\/ld+json\" class=\"yoast-schema-graph\">{\"@context\":\"https:\/\/schema.org\",\"@graph\":[{\"@type\":\"WebPage\",\"@id\":\"https:\/\/www.mentorescale.be\/suivre-news\/actualites\/\",\"url\":\"https:\/\/www.mentorescale.be\/suivre-news\/actualites\/\",\"name\":\"Ons nieuws - Mentor-Escale\",\"isPartOf\":{\"@id\":\"https:\/\/www.mentorescale.be\/#website\"},\"datePublished\":\"2021-04-21T19:45:50+00:00\",\"dateModified\":\"2024-10-30T10:47:36+00:00\",\"breadcrumb\":{\"@id\":\"https:\/\/www.mentorescale.be\/suivre-news\/actualites\/#breadcrumb\"},\"inLanguage\":\"nl\",\"potentialAction\":[{\"@type\":\"ReadAction\",\"target\":[\"https:\/\/www.mentorescale.be\/suivre-news\/actualites\/\"]}]},{\"@type\":\"BreadcrumbList\",\"@id\":\"https:\/\/www.mentorescale.be\/suivre-news\/actualites\/#breadcrumb\",\"itemListElement\":[{\"@type\":\"ListItem\",\"position\":1,\"name\":\"Home\",\"item\":\"https:\/\/www.mentorescale.be\/\"},{\"@type\":\"ListItem\",\"position\":2,\"name\":\"Ons news\",\"item\":\"https:\/\/www.mentorescale.be\/suivre-news\/\"},{\"@type\":\"ListItem\",\"position\":3,\"name\":\"Ons nieuws\"}]},{\"@type\":\"WebSite\",\"@id\":\"https:\/\/www.mentorescale.be\/#website\",\"url\":\"https:\/\/www.mentorescale.be\/\",\"name\":\"Mentor-Escale\",\"description\":\"Accompagnement pour jeunes exil\u00e9s\",\"publisher\":{\"@id\":\"https:\/\/www.mentorescale.be\/#organization\"},\"potentialAction\":[{\"@type\":\"SearchAction\",\"target\":{\"@type\":\"EntryPoint\",\"urlTemplate\":\"https:\/\/www.mentorescale.be\/?s={search_term_string}\"},\"query-input\":\"required name=search_term_string\"}],\"inLanguage\":\"nl\"},{\"@type\":\"Organization\",\"@id\":\"https:\/\/www.mentorescale.be\/#organization\",\"name\":\"Mentor-Escale\",\"url\":\"https:\/\/www.mentorescale.be\/\",\"logo\":{\"@type\":\"ImageObject\",\"inLanguage\":\"nl\",\"@id\":\"https:\/\/www.mentorescale.be\/#\/schema\/logo\/image\/\",\"url\":\"https:\/\/www.mentorescale.be\/wp-content\/uploads\/2021\/03\/PICTO_OISEAU-carre.png\",\"contentUrl\":\"https:\/\/www.mentorescale.be\/wp-content\/uploads\/2021\/03\/PICTO_OISEAU-carre.png\",\"width\":512,\"height\":512,\"caption\":\"Mentor-Escale\"},\"image\":{\"@id\":\"https:\/\/www.mentorescale.be\/#\/schema\/logo\/image\/\"},\"sameAs\":[\"https:\/\/www.facebook.com\/mentorescaleASBL\/\",\"https:\/\/www.instagram.com\/mentor_escale\/?hl=fr\",\"https:\/\/be.linkedin.com\/company\/mentor---escale\",\"https:\/\/www.youtube.com\/channel\/UCnw8NLnwqoNoSrkWv3b1Psw\/videos\"]}]}<\/script>\n<!-- \/ Yoast SEO plugin. -->","yoast_head_json":{"title":"Ons nieuws - Mentor-Escale","robots":{"index":"index","follow":"follow","max-snippet":"max-snippet:-1","max-image-preview":"max-image-preview:large","max-video-preview":"max-video-preview:-1"},"canonical":"https:\/\/www.mentorescale.be\/suivre-news\/actualites\/","og_locale":"nl_NL","og_type":"article","og_title":"Ons nieuws - Mentor-Escale","og_description":"Ons news Alles Agenda Nieuws Getuigenissen Actualit\u00e9s On parle de Mentor-Escale dans un Podcast de La Premi\u00e8re Posted on Actualit\u00e9s &#8220;Techno Runs&#8221; soutient Mentor-Escale ! Posted on Actualit\u00e9s Un vent de renouveau sur nos ASBL Posted on Actualit\u00e9s La Convention internationale des droits de l&#8217;enfant a 30 ans Posted on","og_url":"https:\/\/www.mentorescale.be\/suivre-news\/actualites\/","og_site_name":"Mentor-Escale","article_publisher":"https:\/\/www.facebook.com\/mentorescaleASBL\/","article_modified_time":"2024-10-30T10:47:36+00:00","og_image":[{"url":"https:\/\/www.mentorescale.be\/wp-content\/uploads\/2023\/05\/me-rtbf-21-3-2023-768x432.jpg"}],"twitter_card":"summary_large_image","twitter_misc":{"Geschatte leestijd":"1 minuut"},"schema":{"@context":"https:\/\/schema.org","@graph":[{"@type":"WebPage","@id":"https:\/\/www.mentorescale.be\/suivre-news\/actualites\/","url":"https:\/\/www.mentorescale.be\/suivre-news\/actualites\/","name":"Ons nieuws - Mentor-Escale","isPartOf":{"@id":"https:\/\/www.mentorescale.be\/#website"},"datePublished":"2021-04-21T19:45:50+00:00","dateModified":"2024-10-30T10:47:36+00:00","breadcrumb":{"@id":"https:\/\/www.mentorescale.be\/suivre-news\/actualites\/#breadcrumb"},"inLanguage":"nl","potentialAction":[{"@type":"ReadAction","target":["https:\/\/www.mentorescale.be\/suivre-news\/actualites\/"]}]},{"@type":"BreadcrumbList","@id":"https:\/\/www.mentorescale.be\/suivre-news\/actualites\/#breadcrumb","itemListElement":[{"@type":"ListItem","position":1,"name":"Home","item":"https:\/\/www.mentorescale.be\/"},{"@type":"ListItem","position":2,"name":"Ons news","item":"https:\/\/www.mentorescale.be\/suivre-news\/"},{"@type":"ListItem","position":3,"name":"Ons nieuws"}]},{"@type":"WebSite","@id":"https:\/\/www.mentorescale.be\/#website","url":"https:\/\/www.mentorescale.be\/","name":"Mentor-Escale","description":"Accompagnement pour jeunes exil\u00e9s","publisher":{"@id":"https:\/\/www.mentorescale.be\/#organization"},"potentialAction":[{"@type":"SearchAction","target":{"@type":"EntryPoint","urlTemplate":"https:\/\/www.mentorescale.be\/?s={search_term_string}"},"query-input":"required name=search_term_string"}],"inLanguage":"nl"},{"@type":"Organization","@id":"https:\/\/www.mentorescale.be\/#organization","name":"Mentor-Escale","url":"https:\/\/www.mentorescale.be\/","logo":{"@type":"ImageObject","inLanguage":"nl","@id":"https:\/\/www.mentorescale.be\/#\/schema\/logo\/image\/","url":"https:\/\/www.mentorescale.be\/wp-content\/uploads\/2021\/03\/PICTO_OISEAU-carre.png","contentUrl":"https:\/\/www.mentorescale.be\/wp-content\/uploads\/2021\/03\/PICTO_OISEAU-carre.png","width":512,"height":512,"caption":"Mentor-Escale"},"image":{"@id":"https:\/\/www.mentorescale.be\/#\/schema\/logo\/image\/"},"sameAs":["https:\/\/www.facebook.com\/mentorescaleASBL\/","https:\/\/www.instagram.com\/mentor_escale\/?hl=fr","https:\/\/be.linkedin.com\/company\/mentor---escale","https:\/\/www.youtube.com\/channel\/UCnw8NLnwqoNoSrkWv3b1Psw\/videos"]}]}},"_links":{"self":[{"href":"https:\/\/www.mentorescale.be\/nl\/wp-json\/wp\/v2\/pages\/12657"}],"collection":[{"href":"https:\/\/www.mentorescale.be\/nl\/wp-json\/wp\/v2\/pages"}],"about":[{"href":"https:\/\/www.mentorescale.be\/nl\/wp-json\/wp\/v2\/types\/page"}],"author":[{"embeddable":true,"href":"https:\/\/www.mentorescale.be\/nl\/wp-json\/wp\/v2\/users\/5"}],"replies":[{"embeddable":true,"href":"https:\/\/www.mentorescale.be\/nl\/wp-json\/wp\/v2\/comments?post=12657"}],"version-history":[{"count":3,"href":"https:\/\/www.mentorescale.be\/nl\/wp-json\/wp\/v2\/pages\/12657\/revisions"}],"predecessor-version":[{"id":15657,"href":"https:\/\/www.mentorescale.be\/nl\/wp-json\/wp\/v2\/pages\/12657\/revisions\/15657"}],"up":[{"embeddable":true,"href":"https:\/\/www.mentorescale.be\/nl\/wp-json\/wp\/v2\/pages\/12654"}],"wp:attachment":[{"href":"https:\/\/www.mentorescale.be\/nl\/wp-json\/wp\/v2\/media?parent=12657"}],"curies":[{"name":"wp","href":"https:\/\/api.w.org\/{rel}","templated":true}]}}